{"id":101079,"date":"2025-12-08T06:43:51","date_gmt":"2025-12-08T06:43:51","guid":{"rendered":"https:\/\/b2b.depodanmusteriye.com\/urun\/newface-xiaomi-redmi-note-12s-kilif-dora-kapak-kirmizi\/"},"modified":"2025-12-08T06:43:51","modified_gmt":"2025-12-08T06:43:51","slug":"newface-xiaomi-redmi-note-12s-kilif-dora-kapak-kirmizi","status":"publish","type":"product","link":"https:\/\/depodanmusteriye.com\/urunler\/urun\/newface-xiaomi-redmi-note-12s-kilif-dora-kapak-kirmizi\/","title":{"rendered":"Newface Xiaomi Redmi Note 12S K\u0131l\u0131f Dora Kapak &#8211; K\u0131rm\u0131z\u0131"},"content":{"rendered":"<h4>Newface Xiaomi Redmi Note 12S K\u0131l\u0131f Dora Kapak &#8211; K\u0131rm\u0131z\u0131<\/p>\n<p><b>NEWFACE DORA KAPAK<\/b><\/p>\n<p><span style=\"font-family: Montserrat, sans-serif\">Newface \u00fcr\u00fcn\u00fcd\u00fcr.<\/span><br style=\"font-family: Montserrat, sans-serif\"><span style=\"font-family: Montserrat, sans-serif;font-size: 1rem\"><span style=\"font-weight: 700\">&#8212;-<\/span>&nbsp;ile uyumludur.<\/span><span style=\"font-family: Montserrat, sans-serif;font-size: 1rem\"><br \/><\/span><span style=\"font-family: Montserrat, sans-serif;font-size: 1rem\">Dayan\u0131kl\u0131 ve \u015f\u0131k bir \u00fcr\u00fcnd\u00fcr.<br \/><\/span><span style=\"font-family: Montserrat, sans-serif;font-size: 1rem\">K\u0131l\u0131f\u0131 \u00e7\u0131karmadan b\u00fct\u00fcn slotlara ve butonlara eri\u015filebilir.<br \/><\/span><span style=\"font-family: Montserrat, sans-serif;font-size: 1rem\">Harika kal\u0131p kesimi sayesinde cihaza m\u00fckemmel uyar.<br \/><\/span><span style=\"font-family: Montserrat, sans-serif;font-size: 1rem\">Uzun \u00f6m\u00fcrl\u00fcd\u00fcr.Kolayca tak\u0131p \u00e7\u0131kart\u0131labilir.<br \/><\/span><span style=\"font-family: Montserrat, sans-serif;font-size: 1rem\">Cihaz\u0131n\u0131z ile birebir uyumlu olarak \u00fcretilmi\u015ftir.<br \/><\/span><span style=\"font-family: Montserrat, sans-serif;font-size: 1rem\">Cihaz\u0131n\u0131z\u0131 \u00e7iziklerden,kirden,darbelerden tamamen korur.<br \/><\/span><span style=\"font-family: Montserrat, sans-serif;font-size: 1rem\">K\u0131l\u0131f\u0131 \u00e7\u0131karmadan b\u00fct\u00fcn slotlara ve butonlara eri\u015filebilir.<br \/><\/span><span style=\"font-family: Montserrat, sans-serif;font-size: 1rem\">Harika kal\u0131p kesimi sayesinde cihaza m\u00fckemmel uyar.<\/span><span style=\"font-family: Montserrat, sans-serif;font-size: 1rem\"><br \/><\/span><span style=\"font-family: Montserrat, sans-serif;font-size: 1rem\">Sa\u011fl\u0131\u011fa Zararl\u0131 Maddeler \u0130\u00e7ermez.<\/span><b><br \/><\/b><\/p>\n<p><img decoding=\"async\" src=\"https:\/\/www.newface.com.tr\/img\/descriptions\/630e19388a234.jpg\" style=\"width: 50%\"> <\/p>\n<p><b>1 adet fiyat\u0131d\u0131r<\/b> <\/p>\n<p><p><b>\u00dcretici Markas\u0131 : NEWFACE<\/b><\/p>\n<p><b>\u00dcretici Kodu : 8683140595951<\/b><\/p>\n<p><b>1 ADET F\u0130YATIDIR<\/b><\/p>\n<\/h4>\n<p><\/p>\n","protected":false},"excerpt":{"rendered":"<p>Newface Xiaomi Redmi Note 12S K\u0131l\u0131f Dora Kapak &#8211; K\u0131rm\u0131z\u0131<\/p>\n","protected":false},"featured_media":101076,"comment_status":"open","ping_status":"closed","template":"","meta":[],"product_brand":[],"product_cat":[457,374],"product_tag":[9445,2826,1389,1514,2323,1510,2798,2491,2490],"class_list":{"0":"post-101079","1":"product","2":"type-product","3":"status-publish","4":"has-post-thumbnail","6":"product_cat-kapak-and-kilif","7":"product_cat-mobil-aksesuar","8":"product_tag-12s","9":"product_tag-dora","10":"product_tag-kapak","11":"product_tag-kilif","12":"product_tag-kirmizi","13":"product_tag-newface","14":"product_tag-note","15":"product_tag-redmi","16":"product_tag-xiaomi","18":"first","19":"instock","20":"taxable","21":"shipping-taxable","22":"purchasable","23":"product-type-simple"},"_links":{"self":[{"href":"https:\/\/depodanmusteriye.com\/urunler\/wp-json\/wp\/v2\/product\/101079","targetHints":{"allow":["GET"]}}],"collection":[{"href":"https:\/\/depodanmusteriye.com\/urunler\/wp-json\/wp\/v2\/product"}],"about":[{"href":"https:\/\/depodanmusteriye.com\/urunler\/wp-json\/wp\/v2\/types\/product"}],"replies":[{"embeddable":true,"href":"https:\/\/depodanmusteriye.com\/urunler\/wp-json\/wp\/v2\/comments?post=101079"}],"version-history":[{"count":0,"href":"https:\/\/depodanmusteriye.com\/urunler\/wp-json\/wp\/v2\/product\/101079\/revisions"}],"wp:featuredmedia":[{"embeddable":true,"href":"https:\/\/depodanmusteriye.com\/urunler\/wp-json\/wp\/v2\/media\/101076"}],"wp:attachment":[{"href":"https:\/\/depodanmusteriye.com\/urunler\/wp-json\/wp\/v2\/media?parent=101079"}],"wp:term":[{"taxonomy":"product_brand","embeddable":true,"href":"https:\/\/depodanmusteriye.com\/urunler\/wp-json\/wp\/v2\/product_brand?post=101079"},{"taxonomy":"product_cat","embeddable":true,"href":"https:\/\/depodanmusteriye.com\/urunler\/wp-json\/wp\/v2\/product_cat?post=101079"},{"taxonomy":"product_tag","embeddable":true,"href":"https:\/\/depodanmusteriye.com\/urunler\/wp-json\/wp\/v2\/product_tag?post=101079"}],"curies":[{"name":"wp","href":"https:\/\/api.w.org\/{rel}","templated":true}]}}